{"id":2501,"date":"2015-02-10T17:15:52","date_gmt":"2015-02-10T17:15:52","guid":{"rendered":"http:\/\/rrprovincialhome.sk\/?page_id=2501"},"modified":"2021-01-18T10:22:43","modified_gmt":"2021-01-18T10:22:43","slug":"fotoatelier","status":"publish","type":"page","link":"http:\/\/rrprovincialhome.sk\/?page_id=2501","title":{"rendered":"Fotoateli\u00e9r"},"content":{"rendered":"<h4 style=\"text-align: center;\"><span style=\"color: #000000;\"><strong>Fot\u00edme v dom\u00e1com fotoateli\u00e9ri, alebo pod\u013ea dohody pricestujeme k v\u00e1m<\/strong><\/span><\/h4>\n<h4 style=\"text-align: center;\"><span style=\"color: #000000;\"><strong>Oh\u013eadom fotenia n\u00e1s pros\u00edm kontaktujte na mobilnom \u010d\u00edsle 0908 434 696, 0903 749 867 alebo emailom: novota@rr-photo.sk, alebo info@rrprovincialhome.sk. Cenn\u00edk pre rodinn\u00e9 fotenie ni\u017e\u0161ie.\u00a0<\/strong><\/span><\/h4>\n<h3 style=\"text-align: center;\"><strong>\n<div id=\"rev_slider_2_1_wrapper\" class=\"rev_slider_wrapper fullwidthbanner-container\" style=\"margin:0px auto;padding:0px;margin-top:0px;margin-bottom:0px;max-height:600px;\">\n<!-- START REVOLUTION SLIDER 4.6.5 fullwidth mode -->\n\t<div id=\"rev_slider_2_1\" class=\"rev_slider fullwidthabanner\" style=\"display:none;max-height:600px;height:600px;\">\n<ul>\t<!-- SLIDE  -->\n\t<li data-transition=\"slideup\" data-slotamount=\"7\" data-masterspeed=\"300\"  data-saveperformance=\"off\" >\n\t\t<!-- MAIN IMAGE -->\n\t\t<img src=\"http:\/\/rrprovincialhome.sk\/wp-content\/plugins\/revslider\/images\/transparent.png\"  alt=\"\"  data-bgposition=\"center top\" data-bgfit=\"cover\" data-bgrepeat=\"no-repeat\">\n\t\t<!-- LAYERS -->\n\n\t\t<!-- LAYER NR. 1 -->\n\t\t<div class=\"tp-caption tp-fade\" \n\t\t\t data-x=\"center\" data-hoffset=\"0\" \n\t\t\t data-y=\"center\" data-voffset=\"0\" \n\t\t\tdata-speed=\"300\" \n\t\t\tdata-start=\"500\" \n\t\t\tdata-easing=\"Power3.easeInOut\" \n\t\t\tdata-elementdelay=\"0.1\" \n\t\t\tdata-endelementdelay=\"0.1\" \n\t\t\t data-endspeed=\"300\" \n\n\t\t\tstyle=\"z-index: 5;\"><img src=\"http:\/\/rrprovincialhome.sk\/wp-content\/uploads\/2020\/01\/banner-1170x600_kajka_klarka.jpg\" alt=\"\"> \n\t\t<\/div>\n\t<\/li>\n\t<!-- SLIDE  -->\n\t<li data-transition=\"slideup\" data-slotamount=\"7\" data-masterspeed=\"300\"  data-saveperformance=\"off\" >\n\t\t<!-- MAIN IMAGE -->\n\t\t<img src=\"http:\/\/rrprovincialhome.sk\/wp-content\/plugins\/revslider\/images\/transparent.png\"  alt=\"\"  data-bgposition=\"center top\" data-bgfit=\"cover\" data-bgrepeat=\"no-repeat\">\n\t\t<!-- LAYERS -->\n\n\t\t<!-- LAYER NR. 1 -->\n\t\t<div class=\"tp-caption tp-fade\" \n\t\t\t data-x=\"center\" data-hoffset=\"0\" \n\t\t\t data-y=\"center\" data-voffset=\"0\" \n\t\t\tdata-speed=\"300\" \n\t\t\tdata-start=\"500\" \n\t\t\tdata-easing=\"Power3.easeInOut\" \n\t\t\tdata-elementdelay=\"0.1\" \n\t\t\tdata-endelementdelay=\"0.1\" \n\t\t\t data-endspeed=\"300\" \n\n\t\t\tstyle=\"z-index: 5;\"><img src=\"http:\/\/rrprovincialhome.sk\/wp-content\/uploads\/2017\/01\/IMG_4706_ostr.jpg\" alt=\"\"> \n\t\t<\/div>\n\t<\/li>\n\t<!-- SLIDE  -->\n\t<li data-transition=\"slideup\" data-slotamount=\"7\" data-masterspeed=\"300\"  data-saveperformance=\"off\" >\n\t\t<!-- MAIN IMAGE -->\n\t\t<img src=\"http:\/\/rrprovincialhome.sk\/wp-content\/plugins\/revslider\/images\/transparent.png\"  alt=\"1170x600\"  data-bgposition=\"center top\" data-bgfit=\"cover\" data-bgrepeat=\"no-repeat\">\n\t\t<!-- LAYERS -->\n\n\t\t<!-- LAYER NR. 1 -->\n\t\t<div class=\"tp-caption tp-fade\" \n\t\t\t data-x=\"center\" data-hoffset=\"0\" \n\t\t\t data-y=\"center\" data-voffset=\"0\" \n\t\t\tdata-speed=\"300\" \n\t\t\tdata-start=\"500\" \n\t\t\tdata-easing=\"Power3.easeInOut\" \n\t\t\tdata-elementdelay=\"0.1\" \n\t\t\tdata-endelementdelay=\"0.1\" \n\t\t\t data-endspeed=\"300\" \n\n\t\t\tstyle=\"z-index: 5;\"><img src=\"http:\/\/rrprovincialhome.sk\/wp-content\/uploads\/2016\/01\/0000.jpg\" alt=\"\"> \n\t\t<\/div>\n\t<\/li>\n\t<!-- SLIDE  -->\n\t<li data-transition=\"slideup\" data-slotamount=\"7\" data-masterspeed=\"300\"  data-saveperformance=\"off\" >\n\t\t<!-- MAIN IMAGE -->\n\t\t<img src=\"http:\/\/rrprovincialhome.sk\/wp-content\/plugins\/revslider\/images\/transparent.png\"  alt=\"\"  data-bgposition=\"center top\" data-bgfit=\"cover\" data-bgrepeat=\"no-repeat\">\n\t\t<!-- LAYERS -->\n\n\t\t<!-- LAYER NR. 1 -->\n\t\t<div class=\"tp-caption tp-fade\" \n\t\t\t data-x=\"center\" data-hoffset=\"0\" \n\t\t\t data-y=\"center\" data-voffset=\"0\" \n\t\t\tdata-speed=\"300\" \n\t\t\tdata-start=\"500\" \n\t\t\tdata-easing=\"Power3.easeInOut\" \n\t\t\tdata-elementdelay=\"0.1\" \n\t\t\tdata-endelementdelay=\"0.1\" \n\t\t\t data-endspeed=\"300\" \n\n\t\t\tstyle=\"z-index: 5;\"><img src=\"http:\/\/rrprovincialhome.sk\/wp-content\/uploads\/2020\/01\/banner-1170x600_klarka_skola.jpg\" alt=\"\"> \n\t\t<\/div>\n\t<\/li>\n\t<!-- SLIDE  -->\n\t<li data-transition=\"slideup\" data-slotamount=\"7\" data-masterspeed=\"300\"  data-saveperformance=\"off\" >\n\t\t<!-- MAIN IMAGE -->\n\t\t<img src=\"http:\/\/rrprovincialhome.sk\/wp-content\/plugins\/revslider\/images\/transparent.png\"  alt=\"1170x600\"  data-bgposition=\"center top\" data-bgfit=\"cover\" data-bgrepeat=\"no-repeat\">\n\t\t<!-- LAYERS -->\n\n\t\t<!-- LAYER NR. 1 -->\n\t\t<div class=\"tp-caption tp-fade\" \n\t\t\t data-x=\"center\" data-hoffset=\"0\" \n\t\t\t data-y=\"10\"  \n\t\t\tdata-speed=\"300\" \n\t\t\tdata-start=\"500\" \n\t\t\tdata-easing=\"Power3.easeInOut\" \n\t\t\tdata-elementdelay=\"0.1\" \n\t\t\tdata-endelementdelay=\"0.1\" \n\t\t\t data-endspeed=\"300\" \n\n\t\t\tstyle=\"z-index: 5;\"><img src=\"http:\/\/rrprovincialhome.sk\/wp-content\/uploads\/2015\/05\/rodinka.jpg\" alt=\"\"> \n\t\t<\/div>\n\t<\/li>\n\t<!-- SLIDE  -->\n\t<li data-transition=\"slideup\" data-slotamount=\"7\" data-masterspeed=\"300\"  data-saveperformance=\"off\" >\n\t\t<!-- MAIN IMAGE -->\n\t\t<img src=\"http:\/\/rrprovincialhome.sk\/wp-content\/plugins\/revslider\/images\/transparent.png\"  alt=\"\"  data-bgposition=\"center top\" data-bgfit=\"cover\" data-bgrepeat=\"no-repeat\">\n\t\t<!-- LAYERS -->\n\n\t\t<!-- LAYER NR. 1 -->\n\t\t<div class=\"tp-caption tp-fade\" \n\t\t\t data-x=\"center\" data-hoffset=\"0\" \n\t\t\t data-y=\"center\" data-voffset=\"0\" \n\t\t\tdata-speed=\"300\" \n\t\t\tdata-start=\"500\" \n\t\t\tdata-easing=\"Power3.easeInOut\" \n\t\t\tdata-elementdelay=\"0.1\" \n\t\t\tdata-endelementdelay=\"0.1\" \n\t\t\t data-endspeed=\"300\" \n\n\t\t\tstyle=\"z-index: 5;\"><img src=\"http:\/\/rrprovincialhome.sk\/wp-content\/uploads\/2020\/01\/banner-1170x600_David_futbal.jpg\" alt=\"\"> \n\t\t<\/div>\n\t<\/li>\n\t<!-- SLIDE  -->\n\t<li data-transition=\"slideup\" data-slotamount=\"7\" data-masterspeed=\"300\"  data-saveperformance=\"off\" >\n\t\t<!-- MAIN IMAGE -->\n\t\t<img src=\"http:\/\/rrprovincialhome.sk\/wp-content\/plugins\/revslider\/images\/transparent.png\"  alt=\"\"  data-bgposition=\"center top\" data-bgfit=\"cover\" data-bgrepeat=\"no-repeat\">\n\t\t<!-- LAYERS -->\n\n\t\t<!-- LAYER NR. 1 -->\n\t\t<div class=\"tp-caption tp-fade\" \n\t\t\t data-x=\"center\" data-hoffset=\"0\" \n\t\t\t data-y=\"center\" data-voffset=\"0\" \n\t\t\tdata-speed=\"300\" \n\t\t\tdata-start=\"500\" \n\t\t\tdata-easing=\"Power3.easeInOut\" \n\t\t\tdata-elementdelay=\"0.1\" \n\t\t\tdata-endelementdelay=\"0.1\" \n\t\t\t data-endspeed=\"300\" \n\n\t\t\tstyle=\"z-index: 5;\"><img src=\"http:\/\/rrprovincialhome.sk\/wp-content\/uploads\/2015\/05\/harmonik\u00e1r.jpg\" alt=\"\"> \n\t\t<\/div>\n\t<\/li>\n\t<!-- SLIDE  -->\n\t<li data-transition=\"slideup\" data-slotamount=\"7\" data-masterspeed=\"300\"  data-saveperformance=\"off\" >\n\t\t<!-- MAIN IMAGE -->\n\t\t<img src=\"http:\/\/rrprovincialhome.sk\/wp-content\/plugins\/revslider\/images\/transparent.png\"  alt=\"1170x600\"  data-bgposition=\"center top\" data-bgfit=\"cover\" data-bgrepeat=\"no-repeat\">\n\t\t<!-- LAYERS -->\n\n\t\t<!-- LAYER NR. 1 -->\n\t\t<div class=\"tp-caption tp-fade\" \n\t\t\t data-x=\"center\" data-hoffset=\"0\" \n\t\t\t data-y=\"center\" data-voffset=\"0\" \n\t\t\tdata-speed=\"300\" \n\t\t\tdata-start=\"500\" \n\t\t\tdata-easing=\"Power3.easeInOut\" \n\t\t\tdata-elementdelay=\"0.1\" \n\t\t\tdata-endelementdelay=\"0.1\" \n\t\t\t data-endspeed=\"300\" \n\n\t\t\tstyle=\"z-index: 5;\"><img src=\"http:\/\/rrprovincialhome.sk\/wp-content\/uploads\/2020\/01\/banner-1170x600_prvacik.jpg\" alt=\"\"> \n\t\t<\/div>\n\t<\/li>\n\t<!-- SLIDE  -->\n\t<li data-transition=\"slideup\" data-slotamount=\"7\" data-masterspeed=\"300\"  data-saveperformance=\"off\" >\n\t\t<!-- MAIN IMAGE -->\n\t\t<img src=\"http:\/\/rrprovincialhome.sk\/wp-content\/plugins\/revslider\/images\/transparent.png\"  alt=\"\"  data-bgposition=\"center top\" data-bgfit=\"cover\" data-bgrepeat=\"no-repeat\">\n\t\t<!-- LAYERS -->\n\n\t\t<!-- LAYER NR. 1 -->\n\t\t<div class=\"tp-caption tp-fade\" \n\t\t\t data-x=\"center\" data-hoffset=\"0\" \n\t\t\t data-y=\"center\" data-voffset=\"0\" \n\t\t\tdata-speed=\"300\" \n\t\t\tdata-start=\"500\" \n\t\t\tdata-easing=\"Power3.easeInOut\" \n\t\t\tdata-elementdelay=\"0.1\" \n\t\t\tdata-endelementdelay=\"0.1\" \n\t\t\t data-endspeed=\"300\" \n\n\t\t\tstyle=\"z-index: 5;\"><img src=\"http:\/\/rrprovincialhome.sk\/wp-content\/uploads\/2020\/01\/banner-1170x600_darcekovy-poukaz.jpg\" alt=\"\"> \n\t\t<\/div>\n\t<\/li>\n\t<!-- SLIDE  -->\n\t<li data-transition=\"slideup\" data-slotamount=\"7\" data-masterspeed=\"300\"  data-saveperformance=\"off\" >\n\t\t<!-- MAIN IMAGE -->\n\t\t<img src=\"http:\/\/rrprovincialhome.sk\/wp-content\/plugins\/revslider\/images\/transparent.png\"  alt=\"\"  data-bgposition=\"center top\" data-bgfit=\"cover\" data-bgrepeat=\"no-repeat\">\n\t\t<!-- LAYERS -->\n\n\t\t<!-- LAYER NR. 1 -->\n\t\t<div class=\"tp-caption tp-fade\" \n\t\t\t data-x=\"center\" data-hoffset=\"0\" \n\t\t\t data-y=\"center\" data-voffset=\"0\" \n\t\t\tdata-speed=\"300\" \n\t\t\tdata-start=\"500\" \n\t\t\tdata-easing=\"Power3.easeInOut\" \n\t\t\tdata-elementdelay=\"0.1\" \n\t\t\tdata-endelementdelay=\"0.1\" \n\t\t\t data-endspeed=\"300\" \n\n\t\t\tstyle=\"z-index: 5;\"><img src=\"http:\/\/rrprovincialhome.sk\/wp-content\/uploads\/2017\/01\/IMG_2338_ostr.jpg\" alt=\"\"> \n\t\t<\/div>\n\t<\/li>\n\t<!-- SLIDE  -->\n\t<li data-transition=\"slideup\" data-slotamount=\"7\" data-masterspeed=\"300\"  data-saveperformance=\"off\" >\n\t\t<!-- MAIN IMAGE -->\n\t\t<img src=\"http:\/\/rrprovincialhome.sk\/wp-content\/plugins\/revslider\/images\/transparent.png\"  alt=\"\"  data-bgposition=\"center top\" data-bgfit=\"cover\" data-bgrepeat=\"no-repeat\">\n\t\t<!-- LAYERS -->\n\n\t\t<!-- LAYER NR. 1 -->\n\t\t<div class=\"tp-caption tp-fade\" \n\t\t\t data-x=\"center\" data-hoffset=\"0\" \n\t\t\t data-y=\"center\" data-voffset=\"0\" \n\t\t\tdata-speed=\"300\" \n\t\t\tdata-start=\"500\" \n\t\t\tdata-easing=\"Power3.easeInOut\" \n\t\t\tdata-elementdelay=\"0.1\" \n\t\t\tdata-endelementdelay=\"0.1\" \n\t\t\t data-endspeed=\"300\" \n\n\t\t\tstyle=\"z-index: 5;\"><img src=\"http:\/\/rrprovincialhome.sk\/wp-content\/uploads\/2016\/01\/0223_2_ostr.jpg\" alt=\"\"> \n\t\t<\/div>\n\t<\/li>\n<\/ul>\n<div class=\"tp-bannertimer tp-bottom\"><\/div>\t<\/div>\n\t\t\t\n\n\t\t\t<style scoped><\/style>\n\n\t\t\t<script type=\"text\/javascript\">\n\n\t\t\t\t\/******************************************\n\t\t\t\t\t-\tPREPARE PLACEHOLDER FOR SLIDER\t-\n\t\t\t\t******************************************\/\n\t\t\t\t\n\n\t\t\t\tvar setREVStartSize = function() {\n\t\t\t\t\tvar\ttpopt = new Object();\n\t\t\t\t\t\ttpopt.startwidth = 1170;\n\t\t\t\t\t\ttpopt.startheight = 600;\n\t\t\t\t\t\ttpopt.container = jQuery('#rev_slider_2_1');\n\t\t\t\t\t\ttpopt.fullScreen = \"off\";\n\t\t\t\t\t\ttpopt.forceFullWidth=\"off\";\n\n\t\t\t\t\ttpopt.container.closest(\".rev_slider_wrapper\").css({height:tpopt.container.height()});tpopt.width=parseInt(tpopt.container.width(),0);tpopt.height=parseInt(tpopt.container.height(),0);tpopt.bw=tpopt.width\/tpopt.startwidth;tpopt.bh=tpopt.height\/tpopt.startheight;if(tpopt.bh>tpopt.bw)tpopt.bh=tpopt.bw;if(tpopt.bh<tpopt.bw)tpopt.bw=tpopt.bh;if(tpopt.bw<tpopt.bh)tpopt.bh=tpopt.bw;if(tpopt.bh>1){tpopt.bw=1;tpopt.bh=1}if(tpopt.bw>1){tpopt.bw=1;tpopt.bh=1}tpopt.height=Math.round(tpopt.startheight*(tpopt.width\/tpopt.startwidth));if(tpopt.height>tpopt.startheight&&tpopt.autoHeight!=\"on\")tpopt.height=tpopt.startheight;if(tpopt.fullScreen==\"on\"){tpopt.height=tpopt.bw*tpopt.startheight;var cow=tpopt.container.parent().width();var coh=jQuery(window).height();if(tpopt.fullScreenOffsetContainer!=undefined){try{var offcontainers=tpopt.fullScreenOffsetContainer.split(\",\");jQuery.each(offcontainers,function(e,t){coh=coh-jQuery(t).outerHeight(true);if(coh<tpopt.minFullScreenHeight)coh=tpopt.minFullScreenHeight})}catch(e){}}tpopt.container.parent().height(coh);tpopt.container.height(coh);tpopt.container.closest(\".rev_slider_wrapper\").height(coh);tpopt.container.closest(\".forcefullwidth_wrapper_tp_banner\").find(\".tp-fullwidth-forcer\").height(coh);tpopt.container.css({height:\"100%\"});tpopt.height=coh;}else{tpopt.container.height(tpopt.height);tpopt.container.closest(\".rev_slider_wrapper\").height(tpopt.height);tpopt.container.closest(\".forcefullwidth_wrapper_tp_banner\").find(\".tp-fullwidth-forcer\").height(tpopt.height);}\n\t\t\t\t};\n\n\t\t\t\t\/* CALL PLACEHOLDER *\/\n\t\t\t\tsetREVStartSize();\n\n\n\t\t\t\tvar tpj=jQuery;\n\t\t\t\ttpj.noConflict();\n\t\t\t\tvar revapi2;\n\n\t\t\t\ttpj(document).ready(function() {\n\n\t\t\t\tif(tpj('#rev_slider_2_1').revolution == undefined){\n\t\t\t\t\trevslider_showDoubleJqueryError('#rev_slider_2_1');\n\t\t\t\t}else{\n\t\t\t\t   revapi2 = tpj('#rev_slider_2_1').show().revolution(\n\t\t\t\t\t{\t\n\t\t\t\t\t\t\t\t\t\t\t\tdottedOverlay:\"none\",\n\t\t\t\t\t\tdelay:6000,\n\t\t\t\t\t\tstartwidth:1170,\n\t\t\t\t\t\tstartheight:600,\n\t\t\t\t\t\thideThumbs:200,\n\n\t\t\t\t\t\tthumbWidth:100,\n\t\t\t\t\t\tthumbHeight:50,\n\t\t\t\t\t\tthumbAmount:5,\n\t\t\t\t\t\t\n\t\t\t\t\t\t\t\t\t\t\t\t\n\t\t\t\t\t\tsimplifyAll:\"off\",\n\n\t\t\t\t\t\tnavigationType:\"bullet\",\n\t\t\t\t\t\tnavigationArrows:\"solo\",\n\t\t\t\t\t\tnavigationStyle:\"round\",\n\n\t\t\t\t\t\ttouchenabled:\"on\",\n\t\t\t\t\t\tonHoverStop:\"on\",\n\t\t\t\t\t\tnextSlideOnWindowFocus:\"off\",\n\n\t\t\t\t\t\tswipe_threshold: 0.7,\n\t\t\t\t\t\tswipe_min_touches: 1,\n\t\t\t\t\t\tdrag_block_vertical: false,\n\t\t\t\t\t\t\n\t\t\t\t\t\t\t\t\t\t\t\t\n\t\t\t\t\t\t\t\t\t\t\t\t\n\t\t\t\t\t\tkeyboardNavigation:\"off\",\n\n\t\t\t\t\t\tnavigationHAlign:\"center\",\n\t\t\t\t\t\tnavigationVAlign:\"bottom\",\n\t\t\t\t\t\tnavigationHOffset:0,\n\t\t\t\t\t\tnavigationVOffset:20,\n\n\t\t\t\t\t\tsoloArrowLeftHalign:\"left\",\n\t\t\t\t\t\tsoloArrowLeftValign:\"center\",\n\t\t\t\t\t\tsoloArrowLeftHOffset:0,\n\t\t\t\t\t\tsoloArrowLeftVOffset:0,\n\n\t\t\t\t\t\tsoloArrowRightHalign:\"right\",\n\t\t\t\t\t\tsoloArrowRightValign:\"center\",\n\t\t\t\t\t\tsoloArrowRightHOffset:0,\n\t\t\t\t\t\tsoloArrowRightVOffset:0,\n\n\t\t\t\t\t\tshadow:0,\n\t\t\t\t\t\tfullWidth:\"on\",\n\t\t\t\t\t\tfullScreen:\"off\",\n\n\t\t\t\t\t\t\t\t\t\t\t\tspinner:\"spinner0\",\n\t\t\t\t\t\t\t\t\t\t\t\t\n\t\t\t\t\t\tstopLoop:\"off\",\n\t\t\t\t\t\tstopAfterLoops:-1,\n\t\t\t\t\t\tstopAtSlide:-1,\n\n\t\t\t\t\t\tshuffle:\"off\",\n\n\t\t\t\t\t\tautoHeight:\"off\",\n\t\t\t\t\t\tforceFullWidth:\"off\",\n\t\t\t\t\t\t\n\t\t\t\t\t\t\n\t\t\t\t\t\t\n\t\t\t\t\t\thideThumbsOnMobile:\"off\",\n\t\t\t\t\t\thideNavDelayOnMobile:1500,\n\t\t\t\t\t\thideBulletsOnMobile:\"off\",\n\t\t\t\t\t\thideArrowsOnMobile:\"off\",\n\t\t\t\t\t\thideThumbsUnderResolution:0,\n\n\t\t\t\t\t\t\t\t\t\t\t\thideSliderAtLimit:0,\n\t\t\t\t\t\thideCaptionAtLimit:0,\n\t\t\t\t\t\thideAllCaptionAtLilmit:0,\n\t\t\t\t\t\tstartWithSlide:0\t\t\t\t\t});\n\n\n\n\t\t\t\t\t\t\t\t\t}\n\t\t\t\t});\t\/*ready*\/\n\n\t\t\t<\/script>\n\n\n\t\t\t<\/div><!-- END REVOLUTION SLIDER --><\/strong><\/h3>\n<div style=\"text-align: center;\">\n<div style=\"text-align: center;\"><\/div>\n<p>\u2217<\/p>\n<\/div>\n<div style=\"text-align: center;\"><span style=\"color: #cc99ff;\"><b><span style=\"font-family: arial, helvetica, sans-serif; font-size: large;\">1.BAL\u00cdK BASIC\u00a0<\/span><\/b><\/span><\/div>\n<div style=\"text-align: center;\"><span style=\"font-family: arial, helvetica, sans-serif;\"><b>pribli\u017ene 30 min<\/b><\/span><\/div>\n<div style=\"text-align: center;\"><span style=\"font-family: arial, helvetica, sans-serif;\">vhodn\u00e9 pre netrpezliv\u00e9 deti\u010dky :)<\/span><\/div>\n<div style=\"text-align: center;\"><span style=\"font-family: arial, helvetica, sans-serif;\">5 upraven\u00fdch a vytla\u010den\u00fdch fotografi\u00ed 13&#215;18 cm.\u00a0<\/span><\/div>\n<div style=\"text-align: center;\"><span style=\"font-family: arial, helvetica, sans-serif;\">tie\u017e v elektronickej podobe.\u00a0<\/span><\/div>\n<div style=\"text-align: center;\"><b><span style=\"font-family: arial, helvetica, sans-serif;\">Cena: 55\u20ac<\/span><\/b><\/div>\n<div style=\"text-align: center;\">\u00a0\u2217<b>\u00a0<\/b><\/div>\n<div style=\"text-align: center;\">\n<div><span style=\"font-family: arial, helvetica, sans-serif;\"><b><span style=\"color: #cc99ff; font-size: large;\">2.<span style=\"font-family: arial, helvetica, sans-serif; font-size: large;\">BAL\u00cdK<\/span> STANDARD<\/span><br \/>\n<\/b><\/span><\/div>\n<div><span style=\"font-family: arial, helvetica, sans-serif;\"><b>pribli\u017ene 60 min<\/b><\/span><\/div>\n<div><span style=\"font-family: arial, helvetica, sans-serif;\">10 upraven\u00fdch a vytla\u010den\u00fdch fotografi\u00ed 13x18cm<\/span><\/div>\n<div><span style=\"font-family: arial, helvetica, sans-serif;\">tie\u017e v elektronickej podobe<\/span><\/div>\n<div><span style=\"font-family: arial, helvetica, sans-serif;\"><b>Cena: 90\u20ac<\/b><\/span><\/div>\n<div><span style=\"font-family: arial, helvetica, sans-serif;\"><b>\u00a0<\/b><\/span>\u2217<\/div>\n<div>\n<div><span style=\"font-family: arial, helvetica, sans-serif;\"><b><span style=\"color: #cc99ff; font-size: large;\">3.<span style=\"font-family: arial, helvetica, sans-serif; font-size: large;\">BAL\u00cdK<\/span> CLASSIC\u00a0<\/span><br \/>\n<\/b><\/span><\/div>\n<div><strong><span style=\"font-family: arial, helvetica, sans-serif;\"><span style=\"color: #555555;\">T\u00c9MATICK\u00c9\u00a0<\/span><span style=\"color: #555555;\">FOTENIE (MO\u017dNOS\u0164 POSKYTNUTIA DOSTUPN\u00ddCH REKVIZ\u00cdT)<\/span><\/span><\/strong><\/div>\n<div><span style=\"font-family: arial, helvetica, sans-serif;\">15 upraven\u00fdch a vytla\u010den\u00fdch fotografi\u00ed 13x18cm<\/span><\/div>\n<div><span style=\"font-family: arial, helvetica, sans-serif;\">tie\u017e v elektronickej podobe<\/span><\/div>\n<div><span style=\"font-family: arial, helvetica, sans-serif;\"><b>Cena: 120\u20ac<\/b><\/span><\/div>\n<div>\u00a0\u2217<\/div>\n<\/div>\n<\/div>\n<div style=\"text-align: center;\">\n<div><span style=\"font-family: arial, helvetica, sans-serif;\"><b><span style=\"color: #cc99ff; font-size: large;\">4.BAL\u00cdK PR\u00c9MIUM<\/span><\/b><\/span><\/div>\n<div><\/div>\n<div>\u00a0<span style=\"font-family: arial, helvetica, sans-serif;\"><strong><span style=\"color: #555555;\">T\u00c9MATICK\u00c9\u00a0<\/span><\/strong><span style=\"color: #555555;\"><strong>\u00a0FOTENIE<\/strong> (MO\u017dNOS\u0164 POSKYTNUTIA DOSTUPN\u00ddCH REKVIZ\u00cdT)<\/span><\/span><\/div>\n<div><span style=\"font-family: arial, helvetica, sans-serif;\">20 upraven\u00fdch a vytla\u010den\u00fdch fotografi\u00ed 13x18cm<\/span><\/div>\n<div><span style=\"font-family: arial, helvetica, sans-serif;\">tie\u017e v elektronickej podobe. Pri tomto bal\u00edku poskytujeme aj ostatn\u00e9 nafoten\u00e9 z\u00e1bery v z\u00e1kladnej \u00faprave na web.<\/span><\/div>\n<div><span style=\"font-family: arial, helvetica, sans-serif;\"><b>Cena: 155\u20ac<\/b><\/span><\/div>\n<\/div>\n<div>\u00a0\u2217<\/div>\n<div style=\"text-align: center;\">\n<div style=\"text-align: center;\">\n<div><span style=\"font-family: arial, helvetica, sans-serif;\"><b><span style=\"color: #cc99ff; font-size: large;\">5.TABLO<\/span><\/b><\/span><\/div>\n<div><span style=\"font-family: arial, helvetica, sans-serif;\"><span style=\"color: #555555;\"><strong>FOTENIE, N\u00c1VRH A REALIZ\u00c1CIA<\/strong><\/span><\/span><\/div>\n<div><span style=\"font-family: arial, helvetica, sans-serif;\"><b>Cena: pod\u013ea po\u017eiadaviek<\/b><\/span><\/div>\n<\/div>\n<\/div>\n<div style=\"text-align: center;\"><\/div>\n<div style=\"text-align: center;\"><\/div>\n","protected":false},"excerpt":{"rendered":"<p>Fot\u00edme v dom\u00e1com fotoateli\u00e9ri, alebo pod\u013ea dohody pricestujeme k v\u00e1m Oh\u013eadom fotenia n\u00e1s pros\u00edm kontaktujte na mobilnom \u010d\u00edsle 0908 434 696, 0903 749 867 alebo emailom: novota@rr-photo.sk, alebo info@rrprovincialhome.sk. Cenn\u00edk pre rodinn\u00e9 fotenie ni\u017e\u0161ie.\u00a0 \u2217 1.BAL\u00cdK BASIC\u00a0 pribli\u017ene 30 min vhodn\u00e9 pre netrpezliv\u00e9 deti\u010dky :) 5 upraven\u00fdch a vytla\u010den\u00fdch fotografi\u00ed 13&#215;18 cm.\u00a0 tie\u017e v elektronickej [&hellip;]<\/p>\n","protected":false},"author":2,"featured_media":0,"parent":0,"menu_order":0,"comment_status":"open","ping_status":"open","template":"","meta":[],"_links":{"self":[{"href":"http:\/\/rrprovincialhome.sk\/index.php?rest_route=\/wp\/v2\/pages\/2501"}],"collection":[{"href":"http:\/\/rrprovincialhome.sk\/index.php?rest_route=\/wp\/v2\/pages"}],"about":[{"href":"http:\/\/rrprovincialhome.sk\/index.php?rest_route=\/wp\/v2\/types\/page"}],"author":[{"embeddable":true,"href":"http:\/\/rrprovincialhome.sk\/index.php?rest_route=\/wp\/v2\/users\/2"}],"replies":[{"embeddable":true,"href":"http:\/\/rrprovincialhome.sk\/index.php?rest_route=%2Fwp%2Fv2%2Fcomments&post=2501"}],"version-history":[{"count":26,"href":"http:\/\/rrprovincialhome.sk\/index.php?rest_route=\/wp\/v2\/pages\/2501\/revisions"}],"predecessor-version":[{"id":4402,"href":"http:\/\/rrprovincialhome.sk\/index.php?rest_route=\/wp\/v2\/pages\/2501\/revisions\/4402"}],"wp:attachment":[{"href":"http:\/\/rrprovincialhome.sk\/index.php?rest_route=%2Fwp%2Fv2%2Fmedia&parent=2501"}],"curies":[{"name":"wp","href":"https:\/\/api.w.org\/{rel}","templated":true}]}}