{"id":2528,"date":"2015-02-10T17:22:49","date_gmt":"2015-02-10T17:22:49","guid":{"rendered":"http:\/\/rrprovincialhome.sk\/?page_id=2528"},"modified":"2015-02-17T19:01:59","modified_gmt":"2015-02-17T19:01:59","slug":"dodacie-a-platobne-podmienky","status":"publish","type":"page","link":"http:\/\/rrprovincialhome.sk\/?page_id=2528","title":{"rendered":"Dodacie a platobn\u00e9 podmienky"},"content":{"rendered":"<h3>Sp\u00f4sob platby<\/h3>\n<p>1. dobierka<br \/>\n2. prevodn\u00fd pr\u00edkaz na z\u00e1klade vystavenej predfakt\u00fary<\/p>\n<p>V ka\u017edej z\u00e1sielke je prilo\u017een\u00e1 fakt\u00fara &#8211; da\u0148ov\u00fd doklad, ktor\u00e1 z\u00e1rove\u0148 sl\u00fa\u017ei ako z\u00e1ru\u010dn\u00fd list. Ak doklad ch\u00fdba, pros\u00edme informujte n\u00e1s \u010do najsk\u00f4r.<\/p>\n<p>&nbsp;<\/p>\n<h3>Po\u0161tovn\u00e9 a in\u00e9 poplatky v r\u00e1mci slovenska<\/h3>\n<p>Ku ka\u017edej objedn\u00e1vke pripo\u010d\u00edtavame nasledovn\u00e9 po\u0161tovn\u00e9 a baln\u00e9:<\/p>\n<ul>\n<li>pri dobierke prostredn\u00edctvom Slovenskej po\u0161ty: 4,00 EUR (do hodnoty tovaru 100,00 EUR )<\/li>\n<li>pri platbe vopred prostredn\u00edctvom Slovenskej po\u0161ty: 3,00 EUR (do hodnoty tovaru 100,00 EUR ),<\/li>\n<li>od hodnoty tovaru 100,00 EUR a viac po\u0161tovn\u00e9 a baln\u00e9 prostredn\u00edctvom Slovenskej po\u0161ty ne\u00fa\u010dtujeme,<\/li>\n<li>prepravn\u00e9 a baln\u00e9 pri dobierke aj pri platbe vopred prostredn\u00edctvom kuri\u00e9rskej slu\u017eby EXPRES KURI\u00c9R: 6,00 EUR (pri akejko\u013evek hodnote tovaru )<\/li>\n<\/ul>\n<p>In\u00e9 poplatky ani baln\u00e9 ne\u00fa\u010dtujeme. Uveden\u00e9 poplatky platia pre odoslanie bal\u00edkov v r\u00e1mci Slovenska.<\/p>\n<p>&nbsp;<\/p>\n<h3>Po\u0161tovn\u00e9 a in\u00e9 poplatky do zahrani\u010dia<\/h3>\n<p>Pre po\u0161tovn\u00e9 a baln\u00e9 do zahrani\u010dia n\u00e1s pros\u00edm kontaktujte. Ochotne V\u00e1m poskytneme inform\u00e1cie o poplatkoch a sp\u00f4sobe dopravy.<\/p>\n<p>&nbsp;<\/p>\n<h2>Doprava<\/h2>\n<h3>Sp\u00f4sob dodania tovaru<\/h3>\n<p>Dodacia lehota tovaru je uveden\u00e1 v detaile produktu.<\/p>\n<p>Po odoslan\u00ed bal\u00edka V\u00e1s budeme informova\u0165 aj sms spr\u00e1vou o odoslan\u00ed objedn\u00e1vky na telef\u00f3nne \u010d\u00edslo, ktor\u00e9 Ste zadali v objedn\u00e1vkovom formul\u00e1ry. Preto pros\u00edm uv\u00e1dzajte spr\u00e1vne a \u00fapln\u00e9 telef\u00f3nne \u010d\u00edslo, aby sme V\u00e1s vedeli o akejko\u013evej nejasnosti kontaktova\u0165.<\/p>\n<p>Ak V\u00e1m tovar alebo ozn\u00e1menie o ulo\u017een\u00ed na po\u0161te nebolo doru\u010den\u00e9 ani do 7 dn\u00ed po na\u0161om e-maili, kontaktujte pros\u00edm svoju dod\u00e1vaciu po\u0161tu aj n\u00e1s.<\/p>\n<p>Pri tovare objednanom na predfakt\u00faru V\u00e1m bude vystaven\u00e1 predfakt\u00fara so 7 d\u0148ovou splatnos\u0165ou. Po prijat\u00ed \u00fahrady za tovar V\u00e1m bude bal\u00edk bezodkladne odoslan\u00fd. Ak objednan\u00fd tovar neuhrad\u00edte do d\u00e1tumu splatnosti, objedn\u00e1vka bude automaticky zru\u0161en\u00e1 a rezervovan\u00fd tovar bude vr\u00e1ten\u00fd sp\u00e4\u0165 na sklad. Na dan\u00fd tovar sa u\u017e nebude \u010falej vz\u0165ahova\u0165 rezerv\u00e1cia.<\/p>\n<p>Po term\u00edne splatnosti u\u017e predfakt\u00faru neuhr\u00e1dzajte.<\/p>\n<p>&nbsp;<\/p>\n<h3>Cena po\u0161tovn\u00e9ho<\/h3>\n<p>Cena po\u0161tovn\u00e9ho a baln\u00e9ho prostredn\u00edctvom Slovenskej po\u0161ty, pri dobierke je 4,00 EUR a pri platbe vopred na predfakt\u00faru je 3,00 EUR. Pri objedn\u00e1vke nad 100 EUR je po\u0161tovn\u00e9 a baln\u00e9 zdarma. Cena prepravn\u00e9ho a baln\u00e9ho prostredn\u00edctvom kuri\u00e9rskej slu\u017eby EXPRES KURI\u00c9R je 6,00 EUR pri akejko\u013evek v\u00fd\u0161ke objedn\u00e1vky. <\/p>\n","protected":false},"excerpt":{"rendered":"<p>Sp\u00f4sob platby 1. dobierka 2. prevodn\u00fd pr\u00edkaz na z\u00e1klade vystavenej predfakt\u00fary V ka\u017edej z\u00e1sielke je prilo\u017een\u00e1 fakt\u00fara &#8211; da\u0148ov\u00fd doklad, ktor\u00e1 z\u00e1rove\u0148 sl\u00fa\u017ei ako z\u00e1ru\u010dn\u00fd list. Ak doklad ch\u00fdba, pros\u00edme informujte n\u00e1s \u010do najsk\u00f4r. &nbsp; Po\u0161tovn\u00e9 a in\u00e9 poplatky v r\u00e1mci slovenska Ku ka\u017edej objedn\u00e1vke pripo\u010d\u00edtavame nasledovn\u00e9 po\u0161tovn\u00e9 a baln\u00e9: pri dobierke prostredn\u00edctvom Slovenskej po\u0161ty: [&hellip;]<\/p>\n","protected":false},"author":2,"featured_media":0,"parent":0,"menu_order":0,"comment_status":"open","ping_status":"open","template":"","meta":[],"_links":{"self":[{"href":"http:\/\/rrprovincialhome.sk\/index.php?rest_route=\/wp\/v2\/pages\/2528"}],"collection":[{"href":"http:\/\/rrprovincialhome.sk\/index.php?rest_route=\/wp\/v2\/pages"}],"about":[{"href":"http:\/\/rrprovincialhome.sk\/index.php?rest_route=\/wp\/v2\/types\/page"}],"author":[{"embeddable":true,"href":"http:\/\/rrprovincialhome.sk\/index.php?rest_route=\/wp\/v2\/users\/2"}],"replies":[{"embeddable":true,"href":"http:\/\/rrprovincialhome.sk\/index.php?rest_route=%2Fwp%2Fv2%2Fcomments&post=2528"}],"version-history":[{"count":11,"href":"http:\/\/rrprovincialhome.sk\/index.php?rest_route=\/wp\/v2\/pages\/2528\/revisions"}],"predecessor-version":[{"id":2546,"href":"http:\/\/rrprovincialhome.sk\/index.php?rest_route=\/wp\/v2\/pages\/2528\/revisions\/2546"}],"wp:attachment":[{"href":"http:\/\/rrprovincialhome.sk\/index.php?rest_route=%2Fwp%2Fv2%2Fmedia&parent=2528"}],"curies":[{"name":"wp","href":"https:\/\/api.w.org\/{rel}","templated":true}]}}